{"id":11603,"date":"2025-03-14T08:31:14","date_gmt":"2025-03-14T07:31:14","guid":{"rendered":"https:\/\/fundacionsierrablanca.com\/?page_id=11603"},"modified":"2025-03-14T08:35:32","modified_gmt":"2025-03-14T07:35:32","slug":"politica-cookies","status":"publish","type":"page","link":"https:\/\/fundacionsierrablanca.com\/es\/politica-cookies\/","title":{"rendered":"Pol\u00edtica de Cookies de la Funcaci\u00f3n Sierra Blanca"},"content":{"rendered":"\n<h2 class=\"wp-block-heading\">1. Introducci\u00f3n<\/h2>\n\n\n\n<p>Fundaci\u00f3n Sierra Blanca utiliza cookies y otras tecnolog\u00edas similares en su sitio web para mejorar su experiencia de navegaci\u00f3n y ofrecerle un servicio m\u00e1s personalizado. Esta pol\u00edtica explica qu\u00e9 son las cookies, qu\u00e9 tipos utilizamos, para qu\u00e9 las utilizamos y c\u00f3mo puede gestionarlas.<\/p>\n\n\n\n<p><\/p>\n\n\n\n<h2 class=\"wp-block-heading\">2. \u00bfQu\u00e9 son las Cookies?<\/h2>\n\n\n\n<p>Las cookies son ficheros o archivos que se almacenan en el dispositivo del usuario que navega a trav\u00e9s de Internet o a trav\u00e9s de otro tipo de plataformas y aplicaciones (por ejemplo, las apps para tel\u00e9fonos inteligentes y tablets) y que, en particular, contiene un n\u00famero que permite identificar un\u00edvocamente el dispositivo del usuario, aunque \u00e9ste cambie de localizaci\u00f3n o de direcci\u00f3n IP.<\/p>\n\n\n\n<p>Tambi\u00e9n podemos utilizar tecnolog\u00edas similares que sirven para el almacenamiento y recuperaci\u00f3n de datos tales como local shared objects o flash cookies, web beacons o bugs, o p\u00edxeles o balizas web, as\u00ed como cualquier t\u00e9cnica de toma de la huella digital del dispositivo -fingerprinting-.<\/p>\n\n\n\n<p>En general, estas tecnolog\u00edas pueden servir para finalidades muy diversas, como, por ejemplo, permitir la navegaci\u00f3n por el Site y habilitar funciones o servicios, recabar informaci\u00f3n que el usuario facilite a trav\u00e9s de formularios o simuladores, o incluso mostrar al usuario publicidad personalizada en base a la informaci\u00f3n obtenida.<\/p>\n\n\n\n<p>Los usos concretos que hacemos de estas tecnolog\u00edas se describen m\u00e1s adelante.<\/p>\n\n\n\n<p>El Site es accesible sin necesidad de que las cookies est\u00e9n activadas para permitir la navegaci\u00f3n al usuario y el uso de las diferentes opciones o servicios que en el existan. No obstante, la desactivaci\u00f3n o no activaci\u00f3n de algunas cookies por parte del usuario puede limitar el uso de determinados servicios en tanto no podr\u00e1 ejecutar ciertas funciones.<\/p>\n\n\n\n<p><\/p>\n\n\n\n<h2 class=\"wp-block-heading\">3. Tipos de Cookies que Utilizamos<\/h2>\n\n\n\n<p><strong>Cookies Esenciales (T\u00e9cnicas):<\/strong><\/p>\n\n\n\n<p>Son aquellas que permiten al usuario la navegaci\u00f3n a trav\u00e9s del Site y la utilizaci\u00f3n de las diferentes opciones o servicios que en ella existan, incluyendo aquellas que son utilizadas para permitir la gesti\u00f3n y operativa del Site y habilitar sus funciones y servicios. Estas cookies se utilizar\u00e1n, por ejemplo, para controlar el tr\u00e1fico y la comunicaci\u00f3n de datos, identificar la sesi\u00f3n, acceder a partes de acceso restringido, recordar los elementos que integran un pedido, realizar el proceso de compra de un pedido, gestionar el pago, controlar el fraude vinculado a la seguridad del servicio, realizar la solicitud de inscripci\u00f3n o participaci\u00f3n en un evento, contar visitas a efectos de la facturaci\u00f3n de licencias del software con el que funciona el Site, utilizar elementos de seguridad durante la navegaci\u00f3n, almacenar contenidos para la difusi\u00f3n de v\u00eddeos o sonido, habilitar contenidos din\u00e1micos (por ejemplo, animaci\u00f3n de carga de un texto o imagen) o compartir contenidos a trav\u00e9s de redes sociales.<\/p>\n\n\n\n<p>Tambi\u00e9n pertenecen a esta categor\u00eda, por su naturaleza t\u00e9cnica y siempre y cuando no se utilicen para otras finalidades no exentas, aquellas cookies que permiten la gesti\u00f3n, de la forma m\u00e1s eficaz posible, de los espacios publicitarios que, como un elemento m\u00e1s de dise\u00f1o o \u201cmaquetaci\u00f3n\u201d del servicio ofrecido al usuario, se haya incluido en el Site, aplicaci\u00f3n o plataforma en base a criterios como el contenido editado, sin que se recopile informaci\u00f3n de los usuarios con fines distintos, como puede ser personalizar ese contenido publicitario u otros contenidos. <\/p>\n\n\n\n<p><strong>Cookies de Rendimiento (Anal\u00edticas):<\/strong><\/p>\n\n\n\n<p>Son aquellas que, tratadas por la FUNDACI\u00d3N SIERRA BLANCA o por terceros, permiten el seguimiento y an\u00e1lisis del comportamiento y el n\u00famero de los usuarios del Site, incluida la cuantificaci\u00f3n de los impactos de los anuncios. La informaci\u00f3n recogida mediante este tipo de cookies se utiliza en la medici\u00f3n estad\u00edstica de la actividad del Site, con el fin de introducir mejoras en funci\u00f3n del an\u00e1lisis de la navegaci\u00f3n y de los datos de uso que hacen los usuarios del servicio. Asimismo, utilizamos estas cookies para elaborar modelos anal\u00edticos, de acuerdo con nuestra Pol\u00edtica sobre Protecci\u00f3n de Datos. <\/p>\n\n\n\n<p><strong>Cookies de Funcionalidad (Personalizaci\u00f3n):<\/strong><\/p>\n\n\n\n<p>Son aquellas que permiten recordar informaci\u00f3n para que el usuario acceda al servicio con determinadas caracter\u00edsticas que pueden diferenciar su experiencia de la de otros usuarios, como, por ejemplo, el idioma, el n\u00famero de resultados a mostrar cuando el usuario realiza una b\u00fasqueda, el aspecto o contenido del servicio en funci\u00f3n del tipo de navegador a trav\u00e9s del cual el usuario accede al servicio o de la regi\u00f3n desde la que accede al servicio, etc.<\/p>\n\n\n\n<p>No obstante, si es el propio usuario quien elige esas caracter\u00edsticas y s\u00f3lo para esta finalidad, se considerar\u00e1 como un servicio expresamente solicitado por el usuario y no se le solicitar\u00e1 un consentimiento para la instalaci\u00f3n.<\/p>\n\n\n\n<p>Estas cookies tambi\u00e9n permiten personalizar el aspecto o contenido del servicio en funci\u00f3n del tipo de navegador o de sus accesos y recorrido por la web. <\/p>\n\n\n\n<p><strong>Cookies de Marketing (Publicidad):<\/strong><\/p>\n\n\n\n<p>Son aquellas que, tratadas por la FUNDACI\u00d3N SIERRA BLANCA o por terceros, almacenan informaci\u00f3n del modelo y sistema operativo del equipo terminal, y el comportamiento de los usuarios obtenida a trav\u00e9s de la observaci\u00f3n continuada de sus h\u00e1bitos de navegaci\u00f3n en internet, lo que permite desarrollar un perfil espec\u00edfico para mostrar publicidad en funci\u00f3n de \u00e9ste. No obstante, la decisi\u00f3n de presentar publicidad dirigida basada en la elaboraci\u00f3n de dichos perfiles en ning\u00fan caso comporta la toma de decisiones individuales automatizadas con efectos jur\u00eddicos para el usuario, o que le afecten significativamente de modo similar, por parte de la FUNDACI\u00d3N SIERRA BLANCA. Para dicha finalidad tambi\u00e9n podr\u00e1n utilizarse tecnolog\u00edas similares, como p\u00edxeles, que complementan la informaci\u00f3n obtenida por determinadas cookies de este tipo.<\/p>\n\n\n\n<p>El rechazo al uso de cookies de publicidad comportamental impedir\u00e1 a la FUNDACI\u00d3N SIERRA BLANCA recopilar informaci\u00f3n acerca de la navegaci\u00f3n del usuario y mostrarle publicidad personalizada de su inter\u00e9s basada en aquella. Sin embargo, no impedir\u00e1 que la FUNDACI\u00d3N SIERRA BLANCA, en caso de que el usuario sea cliente o potencial cliente pueda, conforme a sus preferencias, seguir tratando sus datos con finalidad comercial conforme a su pol\u00edtica de privacidad. <\/p>\n\n\n\n<p><strong>Cookies de Terceros:<\/strong><\/p>\n\n\n\n<p>En algunos casos, utilizamos cookies de terceros, como las de Google Analytics, para obtener informaci\u00f3n sobre el uso del sitio web.<\/p>\n\n\n\n<p><\/p>\n\n\n\n<h2 class=\"wp-block-heading\">4. Finalidad del Uso de Cookies<\/h2>\n\n\n\n<p><strong>Utilizamos las cookies para:<\/strong><\/p>\n\n\n\n<ul class=\"wp-block-list\">\n<li>Garantizar el funcionamiento correcto del sitio web.<\/li>\n\n\n\n<li>Analizar el uso del sitio web y mejorar su rendimiento.<\/li>\n\n\n\n<li>Personalizar su experiencia de navegaci\u00f3n.<\/li>\n\n\n\n<li>Mostrar publicidad relevante a los usuarios.<\/li>\n<\/ul>\n\n\n\n<p><\/p>\n\n\n\n<h2 class=\"wp-block-heading\">5. Gesti\u00f3n de Cookies<\/h2>\n\n\n\n<p><strong>Configuraci\u00f3n del Navegador: <\/strong><\/p>\n\n\n\n<p>Puede configurar su navegador para que rechace todas o algunas cookies, o para que le avise cuando se env\u00eden cookies.<\/p>\n\n\n\n<p>La mayor\u00eda de los navegadores permiten gestionar las cookies a trav\u00e9s de su configuraci\u00f3n.<\/p>\n\n\n\n<p><strong>Herramientas de Consentimiento: <\/strong><\/p>\n\n\n\n<p>Nuestro sitio web puede utilizar una herramienta de gesti\u00f3n de cookies que le permitir\u00e1 dar o retirar su consentimiento para el uso de cookies no esenciales.<\/p>\n\n\n\n<p><\/p>\n\n\n\n<h2 class=\"wp-block-heading\">6<strong>. Informaci\u00f3n Adicional<\/strong><\/h2>\n\n\n\n<p>Para obtener m\u00e1s informaci\u00f3n sobre c\u00f3mo tratamos sus datos personales, consulte nuestra Pol\u00edtica de Privacidad.<\/p>\n\n\n\n<p>Si tiene alguna pregunta sobre nuestra pol\u00edtica de cookies, p\u00f3ngase en contacto con nosotros a trav\u00e9s de: info@fundacionsierrablanca.com<\/p>\n\n\n\n<p><\/p>\n\n\n\n<h2 class=\"wp-block-heading\">7. Actualizaciones de la Pol\u00edtica de Cookies<\/h2>\n\n\n\n<p>Nos reservamos el derecho de modificar esta Pol\u00edtica de Cookies en cualquier momento. Cualquier cambio ser\u00e1 publicado en nuestro sitio web.<\/p>\n","protected":false},"excerpt":{"rendered":"<p>1. Introducci\u00f3n Fundaci\u00f3n Sierra Blanca utiliza cookies y otras tecnolog\u00edas similares en su sitio web para mejorar su experiencia de navegaci\u00f3n y ofrecerle un servicio m\u00e1s personalizado. Esta pol\u00edtica explica qu\u00e9 son las cookies, qu\u00e9 tipos utilizamos, para qu\u00e9 las utilizamos y c\u00f3mo puede gestionarlas. 2. \u00bfQu\u00e9 son las Cookies? Las cookies son ficheros o [&hellip;]<\/p>\n","protected":false},"author":2,"featured_media":9960,"parent":0,"menu_order":0,"comment_status":"closed","ping_status":"closed","template":"","meta":{"give_campaign_id":0,"footnotes":""},"class_list":["post-11603","page","type-page","status-publish","has-post-thumbnail","hentry"],"campaignId":"","_links":{"self":[{"href":"https:\/\/fundacionsierrablanca.com\/es\/wp-json\/wp\/v2\/pages\/11603","targetHints":{"allow":["GET"]}}],"collection":[{"href":"https:\/\/fundacionsierrablanca.com\/es\/wp-json\/wp\/v2\/pages"}],"about":[{"href":"https:\/\/fundacionsierrablanca.com\/es\/wp-json\/wp\/v2\/types\/page"}],"author":[{"embeddable":true,"href":"https:\/\/fundacionsierrablanca.com\/es\/wp-json\/wp\/v2\/users\/2"}],"replies":[{"embeddable":true,"href":"https:\/\/fundacionsierrablanca.com\/es\/wp-json\/wp\/v2\/comments?post=11603"}],"version-history":[{"count":2,"href":"https:\/\/fundacionsierrablanca.com\/es\/wp-json\/wp\/v2\/pages\/11603\/revisions"}],"predecessor-version":[{"id":11605,"href":"https:\/\/fundacionsierrablanca.com\/es\/wp-json\/wp\/v2\/pages\/11603\/revisions\/11605"}],"wp:featuredmedia":[{"embeddable":true,"href":"https:\/\/fundacionsierrablanca.com\/es\/wp-json\/wp\/v2\/media\/9960"}],"wp:attachment":[{"href":"https:\/\/fundacionsierrablanca.com\/es\/wp-json\/wp\/v2\/media?parent=11603"}],"curies":[{"name":"wp","href":"https:\/\/api.w.org\/{rel}","templated":true}]}}