{"id":11607,"date":"2025-03-14T09:25:01","date_gmt":"2025-03-14T08:25:01","guid":{"rendered":"https:\/\/fundacionsierrablanca.com\/?page_id=11607"},"modified":"2025-03-14T09:25:06","modified_gmt":"2025-03-14T08:25:06","slug":"aviso-legal","status":"publish","type":"page","link":"https:\/\/fundacionsierrablanca.com\/es\/aviso-legal\/","title":{"rendered":"Aviso Legal de la Fundaci\u00f3n Sierra Blanca"},"content":{"rendered":"\n<h2 class=\"wp-block-heading\"><strong>1. Datos Identificativos del Titular del Sitio Web<\/strong><\/h2>\n\n\n\n<ul class=\"wp-block-list\">\n<li><strong>Titular:<\/strong> Fundaci\u00f3n Sierra Blanca<\/li>\n\n\n\n<li><strong>Domicilio Social:<\/strong> Urb. Epic Marbella, Locales, 29602 \u2013 (Marbella) \u2013 M\u00e1laga.<\/li>\n\n\n\n<li><strong>C.I.F.:<\/strong> G44740629<\/li>\n\n\n\n<li><strong>Correo Electr\u00f3nico de Contacto:<\/strong> info@fundacionsierrablanca.com<\/li>\n\n\n\n<li><strong>Tel\u00e9fono de Contacto:<\/strong> 34 952829313<\/li>\n<\/ul>\n\n\n\n<p><\/p>\n\n\n\n<h2 class=\"wp-block-heading\"><strong>2. Objeto y \u00c1mbito de Aplicaci\u00f3n<\/strong><\/h2>\n\n\n\n<p>El presente Aviso Legal regula el acceso y uso del sitio web [https:\/\/fundacionsierrablanca.com], titularidad de la Fundaci\u00f3n Sierra Blanca. El acceso y uso del sitio web atribuye la condici\u00f3n de usuario e implica la aceptaci\u00f3n plena y sin reservas de todas y cada una de las disposiciones incluidas en este Aviso Legal, as\u00ed como en la <a href=\"http:\/\/fundacionsierrablanca.com\/politica-privacidad\">Pol\u00edtica de Privacidad<\/a> y la <a href=\"http:\/\/fundacionsierrablanca.com\/politica-cookies\">Pol\u00edtica de Cookies<\/a>. \u00a0<\/p>\n\n\n\n<p><\/p>\n\n\n\n<h2 class=\"wp-block-heading\"><strong>3. Propiedad Intelectual e Industrial<\/strong><\/h2>\n\n\n\n<p>Esta web es propiedad de la Fundaci\u00f3n Sierra Blanca. Los derechos de Propiedad Intelectual e Industrial y derechos de explotaci\u00f3n y reproducci\u00f3n de esta Web, de sus p\u00e1ginas, pantallas, la informaci\u00f3n que contienen, su apariencia, estructura y dise\u00f1o, c\u00f3digo fuente, archivos de audio y software, as\u00ed como los v\u00ednculos (&#8220;hiperlinks&#8221;) que se establezcan desde ella a otras p\u00e1ginas web de cualquier sociedad perteneciente a la Fundaci\u00f3n Sierra Blanca, son propiedad, han sido cedidos o son objeto de licencia, a favor de la Fundaci\u00f3n Sierra Blanca o de las empresas de Grupo Sierra Blanca, salvo que se especifique otra cosa. Todas las denominaciones, dise\u00f1os y\/o logotipos que componen esta p\u00e1gina son marcas debidamente registradas. Cualquier uso indebido de las mismas por persona diferente de su leg\u00edtimo titular podr\u00e1 ser perseguido de conformidad con la legislaci\u00f3n vigente. Los derechos de propiedad intelectual y marcas de terceros est\u00e1n destacados convenientemente y deben ser respetados por todo aquel que acceda a la Web. Solo para uso personal y privado se permite descargar los contenidos, copiar o imprimir cualquier p\u00e1gina de esta Web. Queda prohibido reproducir, comunicar p\u00fablicamente, distribuir, ceder o transmitir, modificar o suprimir la informaci\u00f3n, contenido u advertencias de esta Web sin la previa autorizaci\u00f3n escrita de la Fundaci\u00f3n Sierra Blanca.<\/p>\n\n\n\n<p><\/p>\n\n\n\n<h2 class=\"wp-block-heading\"><strong>4. Exclusi\u00f3n de Responsabilidad<\/strong><\/h2>\n\n\n\n<p>Fundaci\u00f3n Sierra Blanca no se hace responsable de los da\u00f1os y perjuicios de cualquier naturaleza que pudieran derivarse de:<\/p>\n\n\n\n<ul class=\"wp-block-list\">\n<li>La falta de disponibilidad, mantenimiento y efectivo funcionamiento del sitio web o de sus servicios y contenidos. \u00a0<\/li>\n\n\n\n<li>La falta de utilidad, adecuaci\u00f3n o validez del sitio web o de sus servicios y contenidos para satisfacer necesidades, actividades o resultados concretos de los usuarios. \u00a0<\/li>\n\n\n\n<li>La existencia de virus, programas maliciosos o contenidos lesivos en los contenidos.<\/li>\n\n\n\n<li>El uso il\u00edcito, negligente, fraudulento o contrario a este Aviso Legal.<\/li>\n<\/ul>\n\n\n\n<p><\/p>\n\n\n\n<h2 class=\"wp-block-heading\"><strong>5. Enlaces (Links)<\/strong><\/h2>\n\n\n\n<p>El sitio web puede contener enlaces a otros sitios web de terceros. Fundaci\u00f3n Sierra Blanca no asume ninguna responsabilidad por el contenido o las pol\u00edticas de privacidad de dichos sitios web.<\/p>\n\n\n\n<p><\/p>\n\n\n\n<h2 class=\"wp-block-heading\"><strong>6. Modificaciones<\/strong><\/h2>\n\n\n\n<p>Fundaci\u00f3n Sierra Blanca se reserva el derecho de modificar, sin previo aviso, el contenido de este Aviso Legal, as\u00ed como la configuraci\u00f3n y presentaci\u00f3n del sitio web.<\/p>\n\n\n\n<p><\/p>\n\n\n\n<h2 class=\"wp-block-heading\"><strong>7. Legislaci\u00f3n Aplicable y Jurisdicci\u00f3n<\/strong><\/h2>\n\n\n\n<p>El presente Aviso Legal se rige por la legislaci\u00f3n espa\u00f1ola.<\/p>\n","protected":false},"excerpt":{"rendered":"<p>1. Datos Identificativos del Titular del Sitio Web 2. Objeto y \u00c1mbito de Aplicaci\u00f3n El presente Aviso Legal regula el acceso y uso del sitio web [https:\/\/fundacionsierrablanca.com], titularidad de la Fundaci\u00f3n Sierra Blanca. El acceso y uso del sitio web atribuye la condici\u00f3n de usuario e implica la aceptaci\u00f3n plena y sin reservas de todas [&hellip;]<\/p>\n","protected":false},"author":2,"featured_media":9960,"parent":0,"menu_order":0,"comment_status":"closed","ping_status":"closed","template":"","meta":{"give_campaign_id":0,"footnotes":""},"class_list":["post-11607","page","type-page","status-publish","has-post-thumbnail","hentry"],"campaignId":"","_links":{"self":[{"href":"https:\/\/fundacionsierrablanca.com\/es\/wp-json\/wp\/v2\/pages\/11607","targetHints":{"allow":["GET"]}}],"collection":[{"href":"https:\/\/fundacionsierrablanca.com\/es\/wp-json\/wp\/v2\/pages"}],"about":[{"href":"https:\/\/fundacionsierrablanca.com\/es\/wp-json\/wp\/v2\/types\/page"}],"author":[{"embeddable":true,"href":"https:\/\/fundacionsierrablanca.com\/es\/wp-json\/wp\/v2\/users\/2"}],"replies":[{"embeddable":true,"href":"https:\/\/fundacionsierrablanca.com\/es\/wp-json\/wp\/v2\/comments?post=11607"}],"version-history":[{"count":3,"href":"https:\/\/fundacionsierrablanca.com\/es\/wp-json\/wp\/v2\/pages\/11607\/revisions"}],"predecessor-version":[{"id":11610,"href":"https:\/\/fundacionsierrablanca.com\/es\/wp-json\/wp\/v2\/pages\/11607\/revisions\/11610"}],"wp:featuredmedia":[{"embeddable":true,"href":"https:\/\/fundacionsierrablanca.com\/es\/wp-json\/wp\/v2\/media\/9960"}],"wp:attachment":[{"href":"https:\/\/fundacionsierrablanca.com\/es\/wp-json\/wp\/v2\/media?parent=11607"}],"curies":[{"name":"wp","href":"https:\/\/api.w.org\/{rel}","templated":true}]}}