{"id":2880,"date":"2020-10-08T06:33:02","date_gmt":"2020-10-08T06:33:02","guid":{"rendered":"https:\/\/bighearts.wgl-demo.net\/?page_id=2880"},"modified":"2025-04-24T15:46:08","modified_gmt":"2025-04-24T13:46:08","slug":"dona","status":"publish","type":"page","link":"https:\/\/fundacionsierrablanca.com\/es\/dona\/","title":{"rendered":"Dona"},"content":{"rendered":"\t\t<div data-elementor-type=\"wp-page\" data-elementor-id=\"2880\" class=\"elementor elementor-2880\" data-elementor-post-type=\"page\">\n\t\t\t\t\t\t<section class=\"elementor-section elementor-top-section elementor-element elementor-element-497f956 elementor-section-boxed elementor-section-height-default elementor-section-height-default\" data-id=\"497f956\" data-element_type=\"section\">\n\t\t\t\t\t\t<div class=\"elementor-container elementor-column-gap-default\">\n\t\t\t\t\t<div class=\"elementor-column elementor-col-100 elementor-top-column elementor-element elementor-element-2be0ced\" data-id=\"2be0ced\" data-element_type=\"column\">\n\t\t\t<div class=\"elementor-widget-wrap elementor-element-populated\">\n\t\t\t\t\t\t<div class=\"elementor-element elementor-element-95df984 acenter elementor-widget elementor-widget-wgl-double-headings\" data-id=\"95df984\" data-element_type=\"widget\" data-widget_type=\"wgl-double-headings.default\">\n\t\t\t\t<div class=\"elementor-widget-container\">\n\t\t\t\t\t        <div class=\"wgl-double_heading\">                <div class=\"dbl__subtitle\"><span>Transformamos realidades, inspiramos futuro.<\/span>                <\/div><h3 class=\"dbl__title-wrapper\"><span class=\"dbl__title dbl-title_1\">Conoce Nuestras Campa\u00f1as<\/span><\/h3>        <\/div>\t\t\t\t<\/div>\n\t\t\t\t<\/div>\n\t\t\t\t\t<\/div>\n\t\t<\/div>\n\t\t\t\t\t<\/div>\n\t\t<\/section>\n\t\t\t\t<section class=\"elementor-section elementor-top-section elementor-element elementor-element-4be8f62 elementor-section-boxed elementor-section-height-default elementor-section-height-default\" data-id=\"4be8f62\" data-element_type=\"section\">\n\t\t\t\t\t\t<div class=\"elementor-container elementor-column-gap-default\">\n\t\t\t\t\t<div class=\"elementor-column elementor-col-100 elementor-top-column elementor-element elementor-element-86f605b\" data-id=\"86f605b\" data-element_type=\"column\">\n\t\t\t<div class=\"elementor-widget-wrap elementor-element-populated\">\n\t\t\t\t\t\t<div class=\"elementor-element elementor-element-5c0c8ba elementor-widget elementor-widget-spacer\" data-id=\"5c0c8ba\" data-element_type=\"widget\" data-widget_type=\"spacer.default\">\n\t\t\t\t<div class=\"elementor-widget-container\">\n\t\t\t\t\t\t\t<div class=\"elementor-spacer\">\n\t\t\t<div class=\"elementor-spacer-inner\"><\/div>\n\t\t<\/div>\n\t\t\t\t\t\t<\/div>\n\t\t\t\t<\/div>\n\t\t\t\t\t<\/div>\n\t\t<\/div>\n\t\t\t\t\t<\/div>\n\t\t<\/section>\n\t\t\t\t<section class=\"elementor-section elementor-top-section elementor-element elementor-element-8acd108 elementor-section-boxed elementor-section-height-default elementor-section-height-default\" data-id=\"8acd108\" data-element_type=\"section\">\n\t\t\t\t\t\t<div class=\"elementor-container elementor-column-gap-default\">\n\t\t\t\t\t<div class=\"elementor-column elementor-col-100 elementor-top-column elementor-element elementor-element-2183723\" data-id=\"2183723\" data-element_type=\"column\">\n\t\t\t<div class=\"elementor-widget-wrap\">\n\t\t\t\t\t\t\t<\/div>\n\t\t<\/div>\n\t\t\t\t\t<\/div>\n\t\t<\/section>\n\t\t\t\t<section class=\"elementor-section elementor-top-section elementor-element elementor-element-a851396 elementor-section-boxed elementor-section-height-default elementor-section-height-default\" data-id=\"a851396\" data-element_type=\"section\">\n\t\t\t\t\t\t<div class=\"elementor-container elementor-column-gap-default\">\n\t\t\t\t\t<div class=\"elementor-column elementor-col-100 elementor-top-column elementor-element elementor-element-3d4f51e\" data-id=\"3d4f51e\" data-element_type=\"column\">\n\t\t\t<div class=\"elementor-widget-wrap\">\n\t\t\t\t\t\t\t<\/div>\n\t\t<\/div>\n\t\t\t\t\t<\/div>\n\t\t<\/section>\n\t\t\t\t<section class=\"elementor-section elementor-top-section elementor-element elementor-element-fe0415e elementor-section-boxed elementor-section-height-default elementor-section-height-default\" data-id=\"fe0415e\" data-element_type=\"section\">\n\t\t\t\t\t\t<div class=\"elementor-container elementor-column-gap-default\">\n\t\t\t\t\t<div class=\"elementor-column elementor-col-100 elementor-top-column elementor-element elementor-element-a4cc6e7\" data-id=\"a4cc6e7\" data-element_type=\"column\">\n\t\t\t<div class=\"elementor-widget-wrap elementor-element-populated\">\n\t\t\t\t\t\t<div class=\"elementor-element elementor-element-2844c97 elementor-widget elementor-widget-text-editor\" data-id=\"2844c97\" data-element_type=\"widget\" data-widget_type=\"text-editor.default\">\n\t\t\t\t<div class=\"elementor-widget-container\">\n\t\t\t\t\t\t\t\t\t<p>En la\u00a0<strong>Fundaci\u00f3n Sierra Blanca<\/strong>, creemos en un futuro donde cada persona tenga acceso a oportunidades que le permitan crecer, sanar y prosperar. Con tu generosa <strong>donaci\u00f3n<\/strong>, podremos seguir impulsando proyectos clave en:<\/p><ul><li><strong>Educaci\u00f3n<\/strong>: Becas y programas formativos para ni\u00f1os y j\u00f3venes en situaci\u00f3n vulnerable.<\/li><li><strong>Salud<\/strong>: Apoyo a tratamientos m\u00e9dicos e investigaci\u00f3n de enfermedades poco atendidas.<\/li><li><strong>Desarrollo comunitario<\/strong>: Infraestructuras b\u00e1sicas y talleres de empoderamiento en zonas desfavorecidas.<\/li><\/ul><p><em>&#8220;Cada contribuci\u00f3n, por peque\u00f1a que sea, es un paso hacia un cambio duradero.&#8221;<\/em><\/p><p><em>\u00a0<\/em><\/p><h4><strong>\u00bfC\u00f3mo ayudar?<br \/><\/strong><\/h4><p>\u00a0<\/p><ul><li><strong style=\"font-size: 16px;\">Donaci\u00f3n \u00fanica<\/strong><span style=\"font-size: 16px;\">: Impacto inmediato en nuestros proyectos activos.<\/span><\/li><li><strong style=\"font-size: 16px;\">Apadrinamiento<\/strong><span style=\"font-size: 16px;\">: Acompa\u00f1a el crecimiento de una familia o comunidad.<\/span><\/li><li><strong style=\"font-size: 16px;\">Legado solidario<\/strong><span style=\"font-size: 16px;\">: Incl\u00fayenos en tu testamento para un impacto a largo plazo.<\/span><\/li><li style=\"list-style-type: none;\"><p><em>Tu apoyo no solo cambia estad\u00edsticas; cambia historias.<\/em><span>\u00a0<\/span><strong>\u00a1Dona hoy y s\u00e9 parte de esta transformaci\u00f3n!<\/strong><\/p><\/li><\/ul>\t\t\t\t\t\t\t\t<\/div>\n\t\t\t\t<\/div>\n\t\t\t\t\t<\/div>\n\t\t<\/div>\n\t\t\t\t\t<\/div>\n\t\t<\/section>\n\t\t\t\t<section class=\"elementor-section elementor-top-section elementor-element elementor-element-265591f elementor-section-boxed elementor-section-height-default elementor-section-height-default\" data-id=\"265591f\" data-element_type=\"section\">\n\t\t\t\t\t\t<div class=\"elementor-container elementor-column-gap-default\">\n\t\t\t\t\t<div class=\"elementor-column elementor-col-100 elementor-top-column elementor-element elementor-element-a074e6e\" data-id=\"a074e6e\" data-element_type=\"column\">\n\t\t\t<div class=\"elementor-widget-wrap\">\n\t\t\t\t\t\t\t<\/div>\n\t\t<\/div>\n\t\t\t\t\t<\/div>\n\t\t<\/section>\n\t\t\t\t<section class=\"elementor-section elementor-top-section elementor-element elementor-element-1206a91 elementor-section-boxed elementor-section-height-default elementor-section-height-default\" data-id=\"1206a91\" data-element_type=\"section\">\n\t\t\t\t\t\t<div class=\"elementor-container elementor-column-gap-default\">\n\t\t\t\t\t<div class=\"elementor-column elementor-col-100 elementor-top-column elementor-element elementor-element-0021def\" data-id=\"0021def\" data-element_type=\"column\">\n\t\t\t<div class=\"elementor-widget-wrap elementor-element-populated\">\n\t\t\t\t\t\t<div class=\"elementor-element elementor-element-5897349 elementor-align-center elementor-widget elementor-widget-button\" data-id=\"5897349\" data-element_type=\"widget\" data-widget_type=\"button.default\">\n\t\t\t\t<div class=\"elementor-widget-container\">\n\t\t\t\t\t\t\t\t\t<div class=\"elementor-button-wrapper\">\n\t\t\t\t\t<a class=\"elementor-button elementor-button-link elementor-size-sm\" href=\"https:\/\/www.paypal.com\/donate\/?hosted_button_id=UH4SN4FXCCBFE\" target=\"_blank\" rel=\"nofollow\">\n\t\t\t\t\t\t<span class=\"elementor-button-content-wrapper\">\n\t\t\t\t\t\t\t\t\t<span class=\"elementor-button-text\">\u00a1HAZ TU DONACI\u00d3N!<\/span>\n\t\t\t\t\t<\/span>\n\t\t\t\t\t<\/a>\n\t\t\t\t<\/div>\n\t\t\t\t\t\t\t\t<\/div>\n\t\t\t\t<\/div>\n\t\t\t\t\t<\/div>\n\t\t<\/div>\n\t\t\t\t\t<\/div>\n\t\t<\/section>\n\t\t\t\t<section class=\"elementor-section elementor-top-section elementor-element elementor-element-fa4d0fc elementor-section-boxed elementor-section-height-default elementor-section-height-default\" data-id=\"fa4d0fc\" data-element_type=\"section\">\n\t\t\t\t\t\t<div class=\"elementor-container elementor-column-gap-default\">\n\t\t\t\t\t<div class=\"elementor-column elementor-col-100 elementor-top-column elementor-element elementor-element-4ac28a6\" data-id=\"4ac28a6\" data-element_type=\"column\">\n\t\t\t<div class=\"elementor-widget-wrap elementor-element-populated\">\n\t\t\t\t\t\t<div class=\"elementor-element elementor-element-e338a4a elementor-widget elementor-widget-spacer\" data-id=\"e338a4a\" data-element_type=\"widget\" data-widget_type=\"spacer.default\">\n\t\t\t\t<div class=\"elementor-widget-container\">\n\t\t\t\t\t\t\t<div class=\"elementor-spacer\">\n\t\t\t<div class=\"elementor-spacer-inner\"><\/div>\n\t\t<\/div>\n\t\t\t\t\t\t<\/div>\n\t\t\t\t<\/div>\n\t\t\t\t\t<\/div>\n\t\t<\/div>\n\t\t\t\t\t<\/div>\n\t\t<\/section>\n\t\t\t\t<\/div>\n\t\t","protected":false},"excerpt":{"rendered":"<p>Transformamos realidades, inspiramos futuro. Conoce Nuestras Campa\u00f1as En la\u00a0Fundaci\u00f3n Sierra Blanca, creemos en un futuro donde cada persona tenga acceso a oportunidades que le permitan crecer, sanar y prosperar. Con tu generosa donaci\u00f3n, podremos seguir impulsando proyectos clave en: Educaci\u00f3n: Becas y programas formativos para ni\u00f1os y j\u00f3venes en situaci\u00f3n vulnerable. Salud: Apoyo a tratamientos [&hellip;]<\/p>\n","protected":false},"author":2,"featured_media":11884,"parent":0,"menu_order":0,"comment_status":"closed","ping_status":"closed","template":"","meta":{"give_campaign_id":0,"footnotes":""},"class_list":["post-2880","page","type-page","status-publish","has-post-thumbnail","hentry"],"campaignId":"","_links":{"self":[{"href":"https:\/\/fundacionsierrablanca.com\/es\/wp-json\/wp\/v2\/pages\/2880","targetHints":{"allow":["GET"]}}],"collection":[{"href":"https:\/\/fundacionsierrablanca.com\/es\/wp-json\/wp\/v2\/pages"}],"about":[{"href":"https:\/\/fundacionsierrablanca.com\/es\/wp-json\/wp\/v2\/types\/page"}],"author":[{"embeddable":true,"href":"https:\/\/fundacionsierrablanca.com\/es\/wp-json\/wp\/v2\/users\/2"}],"replies":[{"embeddable":true,"href":"https:\/\/fundacionsierrablanca.com\/es\/wp-json\/wp\/v2\/comments?post=2880"}],"version-history":[{"count":24,"href":"https:\/\/fundacionsierrablanca.com\/es\/wp-json\/wp\/v2\/pages\/2880\/revisions"}],"predecessor-version":[{"id":11939,"href":"https:\/\/fundacionsierrablanca.com\/es\/wp-json\/wp\/v2\/pages\/2880\/revisions\/11939"}],"wp:featuredmedia":[{"embeddable":true,"href":"https:\/\/fundacionsierrablanca.com\/es\/wp-json\/wp\/v2\/media\/11884"}],"wp:attachment":[{"href":"https:\/\/fundacionsierrablanca.com\/es\/wp-json\/wp\/v2\/media?parent=2880"}],"curies":[{"name":"wp","href":"https:\/\/api.w.org\/{rel}","templated":true}]}}